{"id":178,"date":"2022-10-14T09:48:31","date_gmt":"2022-10-14T07:48:31","guid":{"rendered":"https:\/\/www.krisark.com\/?page_id=178"},"modified":"2024-09-10T07:32:33","modified_gmt":"2024-09-10T05:32:33","slug":"que-ofrecemos","status":"publish","type":"page","link":"https:\/\/www.krisark.com\/es\/que-ofrecemos\/","title":{"rendered":"Que ofrecemos"},"content":{"rendered":"\t\t<div data-elementor-type=\"wp-page\" data-elementor-id=\"178\" class=\"elementor elementor-178\" data-elementor-post-type=\"page\">\n\t\t\t\t<div class=\"elementor-element elementor-element-e3b9501 e-con-full e-flex e-con e-parent\" data-id=\"e3b9501\" data-element_type=\"container\" data-e-type=\"container\" data-settings=\"{&quot;background_background&quot;:&quot;classic&quot;}\">\n\t\t\t\t<\/div>\n\t\t<div class=\"elementor-element elementor-element-497ed10 e-con-full fc-container-padding e-flex e-con e-parent\" data-id=\"497ed10\" data-element_type=\"container\" data-e-type=\"container\" data-settings=\"{&quot;background_background&quot;:&quot;classic&quot;}\">\n\t\t<div class=\"elementor-element elementor-element-bf9fbf3 e-flex e-con-boxed e-con e-child\" data-id=\"bf9fbf3\" data-element_type=\"container\" data-e-type=\"container\">\n\t\t\t\t\t<div class=\"e-con-inner\">\n\t\t\t\t<div class=\"elementor-element elementor-element-1f1cfcf elementor-widget elementor-widget-heading\" data-id=\"1f1cfcf\" data-element_type=\"widget\" data-e-type=\"widget\" data-widget_type=\"heading.default\">\n\t\t\t\t<div class=\"elementor-widget-container\">\n\t\t\t\t\t<h1 class=\"elementor-heading-title elementor-size-default\">Qu\u00e9 ofrecemos<\/h1>\t\t\t\t<\/div>\n\t\t\t\t<\/div>\n\t\t\t\t<div class=\"elementor-element elementor-element-66a2267 elementor-widget elementor-widget-image\" data-id=\"66a2267\" data-element_type=\"widget\" data-e-type=\"widget\" data-widget_type=\"image.default\">\n\t\t\t\t<div class=\"elementor-widget-container\">\n\t\t\t\t\t\t\t\t\t\t\t\t\t\t\t<img decoding=\"async\" width=\"142\" height=\"31\" src=\"https:\/\/www.krisark.com\/wp-content\/uploads\/2024\/08\/detalle.png\" class=\"attachment-large size-large wp-image-1566\" alt=\"\" srcset=\"https:\/\/www.krisark.com\/wp-content\/uploads\/2024\/08\/detalle.png 142w, https:\/\/www.krisark.com\/wp-content\/uploads\/2024\/08\/detalle-18x4.png 18w\" sizes=\"(max-width: 142px) 100vw, 142px\">\t\t\t\t\t\t\t\t\t\t\t\t\t\t\t<\/div>\n\t\t\t\t<\/div>\n\t\t\t\t<div class=\"elementor-element elementor-element-5e05d85 elementor-widget elementor-widget-text-editor\" data-id=\"5e05d85\" data-element_type=\"widget\" data-e-type=\"widget\" data-widget_type=\"text-editor.default\">\n\t\t\t\t<div class=\"elementor-widget-container\">\n\t\t\t\t\t\t\t\t\t<p>El prop\u00f3sito de nuestros servicios es brindar ayuda a aquellos alumnos que tienen dificultades a la hora de superar sus estudios, pero tambi\u00e9n lo es su preparaci\u00f3n hacia un mundo laboral cada vez m\u00e1s competitivo. Ofrecemos ayuda a alumnos de primaria, secundaria y bachillerato.<\/p>\t\t\t\t\t\t\t\t<\/div>\n\t\t\t\t<\/div>\n\t\t\t\t\t<\/div>\n\t\t\t\t<\/div>\n\t\t\t\t<\/div>\n\t\t<div class=\"elementor-element elementor-element-602e0c5 e-con-full e-flex e-con e-parent\" data-id=\"602e0c5\" data-element_type=\"container\" data-e-type=\"container\" data-settings=\"{&quot;background_background&quot;:&quot;classic&quot;}\">\n\t\t<div class=\"elementor-element elementor-element-540a909 e-con-full e-flex e-con e-child\" data-id=\"540a909\" data-element_type=\"container\" data-e-type=\"container\" data-settings=\"{&quot;background_background&quot;:&quot;classic&quot;}\">\n\t\t\t\t<\/div>\n\t\t<div class=\"elementor-element elementor-element-eb3707f e-con-full e-flex e-con e-child\" data-id=\"eb3707f\" data-element_type=\"container\" data-e-type=\"container\" data-settings=\"{&quot;background_background&quot;:&quot;classic&quot;}\">\n\t\t<div class=\"elementor-element elementor-element-cc0ac3f fc-container-equal fc-container-col-boxed fc-container-col-boxed-right e-con-full e-flex elementor-invisible e-con e-child\" data-id=\"cc0ac3f\" data-element_type=\"container\" data-e-type=\"container\" data-settings=\"{&quot;animation&quot;:&quot;fadeIn&quot;,&quot;background_background&quot;:&quot;classic&quot;}\">\n\t\t\t\t<div class=\"elementor-element elementor-element-672ea72 elementor-widget elementor-widget-heading\" data-id=\"672ea72\" data-element_type=\"widget\" data-e-type=\"widget\" data-widget_type=\"heading.default\">\n\t\t\t\t<div class=\"elementor-widget-container\">\n\t\t\t\t\t<div class=\"elementor-heading-title elementor-size-default\">servicios<\/div>\t\t\t\t<\/div>\n\t\t\t\t<\/div>\n\t\t\t\t<div class=\"elementor-element elementor-element-976dbb3 elementor-widget elementor-widget-heading\" data-id=\"976dbb3\" data-element_type=\"widget\" data-e-type=\"widget\" data-widget_type=\"heading.default\">\n\t\t\t\t<div class=\"elementor-widget-container\">\n\t\t\t\t\t<h2 class=\"elementor-heading-title elementor-size-default\">Clases de apoyo<\/h2>\t\t\t\t<\/div>\n\t\t\t\t<\/div>\n\t\t\t\t<div class=\"elementor-element elementor-element-812007f elementor-widget elementor-widget-text-editor\" data-id=\"812007f\" data-element_type=\"widget\" data-e-type=\"widget\" data-widget_type=\"text-editor.default\">\n\t\t\t\t<div class=\"elementor-widget-container\">\n\t\t\t\t\t\t\t\t\t<p>Ofrecemos clases personalizadas para ayudar a los estudiantes a comprender mejor los temas que encuentran dif\u00edciles. Ayudamos al alumno a ser m\u00e1s aut\u00f3nomo, a tener m\u00e1s seguridad para as\u00ed lograr sus objetivos gracias al esfuerzo individual.\u00a0<\/p><p>Dise\u00f1amos planes de estudio espec\u00edficos para cada alumno, enfoc\u00e1ndose en fortalecer sus \u00e1reas m\u00e1s d\u00e9biles.<\/p><p>\u00a0<\/p>\t\t\t\t\t\t\t\t<\/div>\n\t\t\t\t<\/div>\n\t\t\t\t<\/div>\n\t\t\t\t<\/div>\n\t\t\t\t<\/div>\n\t\t<div class=\"elementor-element elementor-element-62fc71f e-con-full e-flex e-con e-parent\" data-id=\"62fc71f\" data-element_type=\"container\" data-e-type=\"container\">\n\t\t<div class=\"elementor-element elementor-element-66486ea e-con-full e-flex e-con e-child\" data-id=\"66486ea\" data-element_type=\"container\" data-e-type=\"container\" data-settings=\"{&quot;background_background&quot;:&quot;classic&quot;}\">\n\t\t\t\t<\/div>\n\t\t<div class=\"elementor-element elementor-element-f65e965 e-con-full e-flex e-con e-child\" data-id=\"f65e965\" data-element_type=\"container\" data-e-type=\"container\" data-settings=\"{&quot;background_background&quot;:&quot;classic&quot;}\">\n\t\t<div class=\"elementor-element elementor-element-3a93ccb fc-container-equal fc-container-col-boxed fc-container-col-boxed-right e-con-full e-flex elementor-invisible e-con e-child\" data-id=\"3a93ccb\" data-element_type=\"container\" data-e-type=\"container\" data-settings=\"{&quot;animation&quot;:&quot;fadeIn&quot;,&quot;background_background&quot;:&quot;classic&quot;}\">\n\t\t\t\t<div class=\"elementor-element elementor-element-386abda elementor-widget elementor-widget-heading\" data-id=\"386abda\" data-element_type=\"widget\" data-e-type=\"widget\" data-widget_type=\"heading.default\">\n\t\t\t\t<div class=\"elementor-widget-container\">\n\t\t\t\t\t<div class=\"elementor-heading-title elementor-size-default\">servicios<\/div>\t\t\t\t<\/div>\n\t\t\t\t<\/div>\n\t\t\t\t<div class=\"elementor-element elementor-element-e931d03 elementor-widget elementor-widget-heading\" data-id=\"e931d03\" data-element_type=\"widget\" data-e-type=\"widget\" data-widget_type=\"heading.default\">\n\t\t\t\t<div class=\"elementor-widget-container\">\n\t\t\t\t\t<h2 class=\"elementor-heading-title elementor-size-default\">T\u00e9cnicas de estudio<\/h2>\t\t\t\t<\/div>\n\t\t\t\t<\/div>\n\t\t\t\t<div class=\"elementor-element elementor-element-e3dc443 elementor-widget elementor-widget-text-editor\" data-id=\"e3dc443\" data-element_type=\"widget\" data-e-type=\"widget\" data-widget_type=\"text-editor.default\">\n\t\t\t\t<div class=\"elementor-widget-container\">\n\t\t\t\t\t\t\t\t\t<div><p class=\"Textbody\">\u00bfSab\u00edas que no todos los m\u00e9todos de estudio son igualmente efectivos para todos? Cada estudiante tiene un estilo de aprendizaje \u00fanico, y conocer las t\u00e9cnicas de estudio m\u00e1s adecuadas puede marcar la diferencia entre simplemente aprobar y alcanzar el \u00e9xito acad\u00e9mico. En nuestras sesiones de ense\u00f1anza de t\u00e9cnicas eficaces para el estudio, ayudamos a los estudiantes a descubrir qu\u00e9 m\u00e9todos funcionan mejor para ellos y c\u00f3mo aplicar estas estrategias para maximizar su rendimiento.<\/p><\/div><div><p class=\"Textbody\">Nuestros instructores expertos ense\u00f1an una variedad de t\u00e9cnicas basadas en investigaciones recientes sobre el aprendizaje y la retenci\u00f3n de informaci\u00f3n. Ya sea que te cueste concentrarte, recordar lo que estudiaste, o gestionar tu tiempo de manera efectiva, te proporcionaremos las herramientas que necesitas para estudiar de manera m\u00e1s inteligente, no m\u00e1s dif\u00edcil.<\/p><\/div>\t\t\t\t\t\t\t\t<\/div>\n\t\t\t\t<\/div>\n\t\t\t\t<\/div>\n\t\t\t\t<\/div>\n\t\t\t\t<\/div>\n\t\t<div class=\"elementor-element elementor-element-352e1d8 e-con-full e-flex e-con e-parent\" data-id=\"352e1d8\" data-element_type=\"container\" data-e-type=\"container\">\n\t\t<div class=\"elementor-element elementor-element-5710ae3 e-con-full e-flex e-con e-child\" data-id=\"5710ae3\" data-element_type=\"container\" data-e-type=\"container\" data-settings=\"{&quot;background_background&quot;:&quot;classic&quot;}\">\n\t\t\t\t<\/div>\n\t\t<div class=\"elementor-element elementor-element-1429bb2 e-con-full e-flex e-con e-child\" data-id=\"1429bb2\" data-element_type=\"container\" data-e-type=\"container\" data-settings=\"{&quot;background_background&quot;:&quot;classic&quot;}\">\n\t\t<div class=\"elementor-element elementor-element-205278b fc-container-equal fc-container-col-boxed fc-container-col-boxed-right e-con-full e-flex elementor-invisible e-con e-child\" data-id=\"205278b\" data-element_type=\"container\" data-e-type=\"container\" data-settings=\"{&quot;animation&quot;:&quot;fadeIn&quot;,&quot;background_background&quot;:&quot;classic&quot;}\">\n\t\t\t\t<div class=\"elementor-element elementor-element-a03826a elementor-widget elementor-widget-heading\" data-id=\"a03826a\" data-element_type=\"widget\" data-e-type=\"widget\" data-widget_type=\"heading.default\">\n\t\t\t\t<div class=\"elementor-widget-container\">\n\t\t\t\t\t<div class=\"elementor-heading-title elementor-size-default\">servicios<\/div>\t\t\t\t<\/div>\n\t\t\t\t<\/div>\n\t\t\t\t<div class=\"elementor-element elementor-element-65eeb93 elementor-widget elementor-widget-heading\" data-id=\"65eeb93\" data-element_type=\"widget\" data-e-type=\"widget\" data-widget_type=\"heading.default\">\n\t\t\t\t<div class=\"elementor-widget-container\">\n\t\t\t\t\t<h2 class=\"elementor-heading-title elementor-size-default\">Preparaci\u00f3n de ex\u00e1menes<\/h2>\t\t\t\t<\/div>\n\t\t\t\t<\/div>\n\t\t\t\t<div class=\"elementor-element elementor-element-69119a7 elementor-widget elementor-widget-text-editor\" data-id=\"69119a7\" data-element_type=\"widget\" data-e-type=\"widget\" data-widget_type=\"text-editor.default\">\n\t\t\t\t<div class=\"elementor-widget-container\">\n\t\t\t\t\t\t\t\t\t<div><p class=\"Textbody\">Los ex\u00e1menes pueden ser una fuente de estr\u00e9s y ansiedad para muchos estudiantes, pero con la preparaci\u00f3n adecuada, es posible enfrentar estos desaf\u00edos con confianza. Nuestras clases intensivas para la preparaci\u00f3n de ex\u00e1menes est\u00e1n dise\u00f1adas para ayudar a los estudiantes a revisar y consolidar los conocimientos necesarios en un per\u00edodo corto de tiempo, asegur\u00e1ndose de que est\u00e9n listos para obtener los mejores resultados.<\/p><\/div><div><p class=\"Textbody\">En nuestras sesiones intensivas, los estudiantes reciben instrucci\u00f3n enfocada en los temas m\u00e1s relevantes y reciben apoyo para superar \u00e1reas problem\u00e1ticas. A trav\u00e9s de simulacros de ex\u00e1menes, ejercicios pr\u00e1cticos, y revisiones exhaustivas, nuestros cursos est\u00e1n estructurados para maximizar la eficiencia del estudio y mejorar el rendimiento acad\u00e9mico.<\/p><\/div>\t\t\t\t\t\t\t\t<\/div>\n\t\t\t\t<\/div>\n\t\t\t\t<\/div>\n\t\t\t\t<\/div>\n\t\t\t\t<\/div>\n\t\t<div class=\"elementor-element elementor-element-69391ba e-con-full e-flex e-con e-parent\" data-id=\"69391ba\" data-element_type=\"container\" data-e-type=\"container\">\n\t\t<div class=\"elementor-element elementor-element-9899555 e-con-full e-flex e-con e-child\" data-id=\"9899555\" data-element_type=\"container\" data-e-type=\"container\" data-settings=\"{&quot;background_background&quot;:&quot;classic&quot;}\">\n\t\t\t\t<\/div>\n\t\t<div class=\"elementor-element elementor-element-1303ef3 e-con-full e-flex e-con e-child\" data-id=\"1303ef3\" data-element_type=\"container\" data-e-type=\"container\" data-settings=\"{&quot;background_background&quot;:&quot;classic&quot;}\">\n\t\t<div class=\"elementor-element elementor-element-2013a50 fc-container-equal fc-container-col-boxed fc-container-col-boxed-right e-con-full e-flex elementor-invisible e-con e-child\" data-id=\"2013a50\" data-element_type=\"container\" data-e-type=\"container\" data-settings=\"{&quot;animation&quot;:&quot;fadeIn&quot;,&quot;background_background&quot;:&quot;classic&quot;}\">\n\t\t\t\t<div class=\"elementor-element elementor-element-add58fc elementor-widget elementor-widget-heading\" data-id=\"add58fc\" data-element_type=\"widget\" data-e-type=\"widget\" data-widget_type=\"heading.default\">\n\t\t\t\t<div class=\"elementor-widget-container\">\n\t\t\t\t\t<div class=\"elementor-heading-title elementor-size-default\">servicios<\/div>\t\t\t\t<\/div>\n\t\t\t\t<\/div>\n\t\t\t\t<div class=\"elementor-element elementor-element-25e7a00 elementor-widget elementor-widget-heading\" data-id=\"25e7a00\" data-element_type=\"widget\" data-e-type=\"widget\" data-widget_type=\"heading.default\">\n\t\t\t\t<div class=\"elementor-widget-container\">\n\t\t\t\t\t<h2 class=\"elementor-heading-title elementor-size-default\">Ayuda con la realizaci\u00f3n de trabajos <\/h2>\t\t\t\t<\/div>\n\t\t\t\t<\/div>\n\t\t\t\t<div class=\"elementor-element elementor-element-7e30cfc elementor-widget elementor-widget-text-editor\" data-id=\"7e30cfc\" data-element_type=\"widget\" data-e-type=\"widget\" data-widget_type=\"text-editor.default\">\n\t\t\t\t<div class=\"elementor-widget-container\">\n\t\t\t\t\t\t\t\t\t<div><p class=\"Textbody\">\u00bfTienes dificultades para completar tus tareas o necesitas ayuda con un trabajo escolar espec\u00edfico? Nuestro servicio de apoyo en la realizaci\u00f3n de trabajos y tareas escolares est\u00e1 aqu\u00ed para ayudarte. Entendemos que, a veces, el tiempo es limitado y que algunas asignaturas pueden ser m\u00e1s desafiantes que otras.<\/p><\/div><div><p class=\"Textbody\">Ofrecemos asistencia en una variedad de materias, brindando orientaci\u00f3n para entender conceptos dif\u00edciles, organizar ideas y estructurar trabajos. Nuestro equipo de profesionales est\u00e1 listo para ayudarte a superar cualquier obst\u00e1culo acad\u00e9mico que encuentres.<\/p><\/div>\t\t\t\t\t\t\t\t<\/div>\n\t\t\t\t<\/div>\n\t\t\t\t<\/div>\n\t\t\t\t<\/div>\n\t\t\t\t<\/div>\n\t\t<div class=\"elementor-element elementor-element-5cf12f3 e-con-full e-flex e-con e-parent\" data-id=\"5cf12f3\" data-element_type=\"container\" data-e-type=\"container\">\n\t\t<div class=\"elementor-element elementor-element-ecc698f e-con-full e-flex e-con e-child\" data-id=\"ecc698f\" data-element_type=\"container\" data-e-type=\"container\" data-settings=\"{&quot;background_background&quot;:&quot;classic&quot;}\">\n\t\t\t\t<\/div>\n\t\t<div class=\"elementor-element elementor-element-45c4572 e-con-full e-flex e-con e-child\" data-id=\"45c4572\" data-element_type=\"container\" data-e-type=\"container\" data-settings=\"{&quot;background_background&quot;:&quot;classic&quot;}\">\n\t\t<div class=\"elementor-element elementor-element-809fb22 fc-container-equal fc-container-col-boxed fc-container-col-boxed-right e-con-full e-flex elementor-invisible e-con e-child\" data-id=\"809fb22\" data-element_type=\"container\" data-e-type=\"container\" data-settings=\"{&quot;animation&quot;:&quot;fadeIn&quot;,&quot;background_background&quot;:&quot;classic&quot;}\">\n\t\t\t\t<div class=\"elementor-element elementor-element-d8084e2 elementor-widget elementor-widget-heading\" data-id=\"d8084e2\" data-element_type=\"widget\" data-e-type=\"widget\" data-widget_type=\"heading.default\">\n\t\t\t\t<div class=\"elementor-widget-container\">\n\t\t\t\t\t<div class=\"elementor-heading-title elementor-size-default\">servicios<\/div>\t\t\t\t<\/div>\n\t\t\t\t<\/div>\n\t\t\t\t<div class=\"elementor-element elementor-element-c2defac elementor-widget elementor-widget-heading\" data-id=\"c2defac\" data-element_type=\"widget\" data-e-type=\"widget\" data-widget_type=\"heading.default\">\n\t\t\t\t<div class=\"elementor-widget-container\">\n\t\t\t\t\t<h2 class=\"elementor-heading-title elementor-size-default\">Talleres creativos<\/h2>\t\t\t\t<\/div>\n\t\t\t\t<\/div>\n\t\t\t\t<div class=\"elementor-element elementor-element-f9ab2ae elementor-widget elementor-widget-text-editor\" data-id=\"f9ab2ae\" data-element_type=\"widget\" data-e-type=\"widget\" data-widget_type=\"text-editor.default\">\n\t\t\t\t<div class=\"elementor-widget-container\">\n\t\t\t\t\t\t\t\t\t<div><p class=\"Textbody\">En nuestros talleres creativos, los ni\u00f1os tienen la oportunidad de explorar su imaginaci\u00f3n y desarrollar nuevas habilidades en un ambiente divertido y estimulante. Creemos que la creatividad es esencial para el crecimiento personal y acad\u00e9mico de los ni\u00f1os, ya que les ayuda a expresarse, resolver problemas y pensar de manera innovadora.<\/p><p>En \u00e9pocas vacacionales son muchos los padres que trabajan y que no pueden ocuparse de sus hijos por la ma\u00f1ana. Organizamos colonias con un mont\u00f3n de actividades divertidas, talleres donde explorar con diferentes t\u00e9cnicas art\u00edsticas, texturas diferentes de materiales, arquitectura para ni\u00f1os, realizaci\u00f3n de maquetas, actividades al aire libre y mucho m\u00e1s!!.<\/p><\/div><div><p class=\"Textbody\">\u00a0<\/p><\/div>\t\t\t\t\t\t\t\t<\/div>\n\t\t\t\t<\/div>\n\t\t\t\t<\/div>\n\t\t\t\t<\/div>\n\t\t\t\t<\/div>\n\t\t\t\t<\/div>\n\t\t","protected":false},"excerpt":{"rendered":"<p>Qu\u00e9 ofrecemos El prop\u00f3sito de nuestros servicios es brindar ayuda a aquellos alumnos que tienen dificultades a la hora de superar sus estudios, pero tambi\u00e9n lo es su preparaci\u00f3n hacia un mundo laboral cada vez m\u00e1s competitivo. Ofrecemos ayuda a alumnos de primaria, secundaria y bachillerato. servicios Clases de apoyo Ofrecemos clases personalizadas para ayudar [&hellip;]<\/p>\n","protected":false},"author":1,"featured_media":0,"parent":0,"menu_order":6,"comment_status":"closed","ping_status":"closed","template":"","meta":{"_acf_changed":false,"footnotes":""},"class_list":["post-178","page","type-page","status-publish","hentry"],"acf":[],"_links":{"self":[{"href":"https:\/\/www.krisark.com\/es\/wp-json\/wp\/v2\/pages\/178","targetHints":{"allow":["GET"]}}],"collection":[{"href":"https:\/\/www.krisark.com\/es\/wp-json\/wp\/v2\/pages"}],"about":[{"href":"https:\/\/www.krisark.com\/es\/wp-json\/wp\/v2\/types\/page"}],"author":[{"embeddable":true,"href":"https:\/\/www.krisark.com\/es\/wp-json\/wp\/v2\/users\/1"}],"replies":[{"embeddable":true,"href":"https:\/\/www.krisark.com\/es\/wp-json\/wp\/v2\/comments?post=178"}],"version-history":[{"count":7,"href":"https:\/\/www.krisark.com\/es\/wp-json\/wp\/v2\/pages\/178\/revisions"}],"predecessor-version":[{"id":2209,"href":"https:\/\/www.krisark.com\/es\/wp-json\/wp\/v2\/pages\/178\/revisions\/2209"}],"wp:attachment":[{"href":"https:\/\/www.krisark.com\/es\/wp-json\/wp\/v2\/media?parent=178"}],"curies":[{"name":"wp","href":"https:\/\/api.w.org\/{rel}","templated":true}]}}