{"id":42,"date":"2022-08-18T10:55:54","date_gmt":"2022-08-18T08:55:54","guid":{"rendered":"https:\/\/www.krisark.com\/?page_id=42"},"modified":"2025-09-15T13:27:00","modified_gmt":"2025-09-15T11:27:00","slug":"krisark","status":"publish","type":"page","link":"https:\/\/www.krisark.com\/es\/","title":{"rendered":"Krisark"},"content":{"rendered":"\t\t<div data-elementor-type=\"wp-page\" data-elementor-id=\"42\" class=\"elementor elementor-42\" data-elementor-post-type=\"page\">\n\t\t\t\t<div class=\"elementor-element elementor-element-5e8ebd2 e-flex e-con-boxed e-con e-parent\" data-id=\"5e8ebd2\" data-element_type=\"container\" data-e-type=\"container\" data-settings=\"{&quot;background_background&quot;:&quot;slideshow&quot;,&quot;background_slideshow_gallery&quot;:[{&quot;id&quot;:1587,&quot;url&quot;:&quot;https:\\\/\\\/www.krisark.com\\\/wp-content\\\/uploads\\\/2024\\\/08\\\/krisark-home-alumnos.png&quot;},{&quot;id&quot;:1514,&quot;url&quot;:&quot;https:\\\/\\\/www.krisark.com\\\/wp-content\\\/uploads\\\/2022\\\/10\\\/krisark-home-talleres.png&quot;},{&quot;id&quot;:1707,&quot;url&quot;:&quot;https:\\\/\\\/www.krisark.com\\\/wp-content\\\/uploads\\\/2022\\\/10\\\/krisark-home-bachiller.png&quot;}],&quot;background_slideshow_slide_duration&quot;:8002,&quot;background_slideshow_transition_duration&quot;:1000,&quot;background_slideshow_loop&quot;:&quot;yes&quot;,&quot;background_slideshow_slide_transition&quot;:&quot;fade&quot;}\">\n\t\t\t\t\t<div class=\"e-con-inner\">\n\t\t<div class=\"elementor-element elementor-element-be1c3db e-con-full fc-container-equal e-flex elementor-invisible e-con e-child\" data-id=\"be1c3db\" data-element_type=\"container\" data-e-type=\"container\" data-settings=\"{&quot;animation&quot;:&quot;fadeIn&quot;,&quot;animation_delay&quot;:800}\">\n\t\t\t\t<div class=\"elementor-element elementor-element-5af9aca elementor-widget elementor-widget-heading\" data-id=\"5af9aca\" data-element_type=\"widget\" data-e-type=\"widget\" data-widget_type=\"heading.default\">\n\t\t\t\t<div class=\"elementor-widget-container\">\n\t\t\t\t\t<h1 class=\"elementor-heading-title elementor-size-default\">Apoyo y refuerzo escolar<\/h1>\t\t\t\t<\/div>\n\t\t\t\t<\/div>\n\t\t\t\t<div class=\"elementor-element elementor-element-05162b9 elementor-widget elementor-widget-heading\" data-id=\"05162b9\" data-element_type=\"widget\" data-e-type=\"widget\" data-widget_type=\"heading.default\">\n\t\t\t\t<div class=\"elementor-widget-container\">\n\t\t\t\t\t<div class=\"elementor-heading-title elementor-size-default\">primaria, secundaria y bachillerato<\/div>\t\t\t\t<\/div>\n\t\t\t\t<\/div>\n\t\t\t\t<\/div>\n\t\t\t\t\t<\/div>\n\t\t\t\t<\/div>\n\t\t<div class=\"elementor-element elementor-element-2a6a13e e-con-full fc-container-padding e-flex e-con e-parent\" data-id=\"2a6a13e\" data-element_type=\"container\" data-e-type=\"container\" data-settings=\"{&quot;background_background&quot;:&quot;classic&quot;}\">\n\t\t<div class=\"elementor-element elementor-element-ea17374 e-flex e-con-boxed e-con e-child\" data-id=\"ea17374\" data-element_type=\"container\" data-e-type=\"container\">\n\t\t\t\t\t<div class=\"e-con-inner\">\n\t\t\t\t<div class=\"elementor-element elementor-element-943c940 elementor-widget elementor-widget-heading\" data-id=\"943c940\" data-element_type=\"widget\" data-e-type=\"widget\" data-widget_type=\"heading.default\">\n\t\t\t\t<div class=\"elementor-widget-container\">\n\t\t\t\t\t<div class=\"elementor-heading-title elementor-size-default\">centro educativo<\/div>\t\t\t\t<\/div>\n\t\t\t\t<\/div>\n\t\t\t\t<div class=\"elementor-element elementor-element-4d8f86b elementor-widget elementor-widget-heading\" data-id=\"4d8f86b\" data-element_type=\"widget\" data-e-type=\"widget\" data-widget_type=\"heading.default\">\n\t\t\t\t<div class=\"elementor-widget-container\">\n\t\t\t\t\t<h2 class=\"elementor-heading-title elementor-size-default\">Adaptado a las necesidades del alumno<\/h2>\t\t\t\t<\/div>\n\t\t\t\t<\/div>\n\t\t\t\t<div class=\"elementor-element elementor-element-d915728 elementor-widget elementor-widget-image\" data-id=\"d915728\" data-element_type=\"widget\" data-e-type=\"widget\" data-widget_type=\"image.default\">\n\t\t\t\t<div class=\"elementor-widget-container\">\n\t\t\t\t\t\t\t\t\t\t\t\t\t\t\t<img decoding=\"async\" width=\"142\" height=\"31\" src=\"https:\/\/www.krisark.com\/wp-content\/uploads\/2024\/08\/detalle.png\" class=\"attachment-large size-large wp-image-1566\" alt=\"\" srcset=\"https:\/\/www.krisark.com\/wp-content\/uploads\/2024\/08\/detalle.png 142w, https:\/\/www.krisark.com\/wp-content\/uploads\/2024\/08\/detalle-18x4.png 18w\" sizes=\"(max-width: 142px) 100vw, 142px\">\t\t\t\t\t\t\t\t\t\t\t\t\t\t\t<\/div>\n\t\t\t\t<\/div>\n\t\t\t\t<div class=\"elementor-element elementor-element-bb10625 elementor-widget elementor-widget-text-editor\" data-id=\"bb10625\" data-element_type=\"widget\" data-e-type=\"widget\" data-widget_type=\"text-editor.default\">\n\t\t\t\t<div class=\"elementor-widget-container\">\n\t\t\t\t\t\t\t\t\t<p>En Krisark nuestro objetivo es el tuyo, por eso volcamos todo nuestro esfuerzo en satisfacer las necesidades de nuestros alumnos para que superen y mejoren sus estudios. Nuestra academia est\u00e1 compuesta por un equipo joven, con titulaci\u00f3n espec\u00edfica, muchas ganas de trabajar y amplios conocimientos en las \u00e1reas que les ocupan.<\/p>\t\t\t\t\t\t\t\t<\/div>\n\t\t\t\t<\/div>\n\t\t\t\t\t<\/div>\n\t\t\t\t<\/div>\n\t\t\t\t<\/div>\n\t\t<div class=\"elementor-element elementor-element-7116167 e-con-full fc-container-padding-l e-flex e-con e-parent\" data-id=\"7116167\" data-element_type=\"container\" data-e-type=\"container\" data-settings=\"{&quot;background_background&quot;:&quot;classic&quot;}\">\n\t\t<div class=\"elementor-element elementor-element-5e07bef e-flex e-con-boxed e-con e-child\" data-id=\"5e07bef\" data-element_type=\"container\" data-e-type=\"container\">\n\t\t\t\t\t<div class=\"e-con-inner\">\n\t\t<div class=\"elementor-element elementor-element-37fb9d8 e-flex e-con-boxed e-con e-child\" data-id=\"37fb9d8\" data-element_type=\"container\" data-e-type=\"container\">\n\t\t\t\t\t<div class=\"e-con-inner\">\n\t\t<div class=\"elementor-element elementor-element-67e3908 e-flex e-con-boxed e-con e-child\" data-id=\"67e3908\" data-element_type=\"container\" data-e-type=\"container\">\n\t\t\t\t\t<div class=\"e-con-inner\">\n\t\t<div class=\"elementor-element elementor-element-6d4f881 e-con-full e-flex e-con e-child\" data-id=\"6d4f881\" data-element_type=\"container\" data-e-type=\"container\">\n\t\t\t\t<div class=\"elementor-element elementor-element-7ef1143 elementor-widget elementor-widget-image\" data-id=\"7ef1143\" data-element_type=\"widget\" data-e-type=\"widget\" data-widget_type=\"image.default\">\n\t\t\t\t<div class=\"elementor-widget-container\">\n\t\t\t\t\t\t\t\t\t\t\t\t\t\t\t<img decoding=\"async\" width=\"143\" height=\"143\" src=\"https:\/\/www.krisark.com\/wp-content\/uploads\/2024\/08\/ico-apoyo.png\" class=\"attachment-large size-large wp-image-1689\" alt=\"Apoyo escolar\" srcset=\"https:\/\/www.krisark.com\/wp-content\/uploads\/2024\/08\/ico-apoyo.png 143w, https:\/\/www.krisark.com\/wp-content\/uploads\/2024\/08\/ico-apoyo-12x12.png 12w\" sizes=\"(max-width: 143px) 100vw, 143px\" \/>\t\t\t\t\t\t\t\t\t\t\t\t\t\t\t<\/div>\n\t\t\t\t<\/div>\n\t\t\t\t<div class=\"elementor-element elementor-element-4332296 elementor-widget elementor-widget-heading\" data-id=\"4332296\" data-element_type=\"widget\" data-e-type=\"widget\" data-widget_type=\"heading.default\">\n\t\t\t\t<div class=\"elementor-widget-container\">\n\t\t\t\t\t<h3 class=\"elementor-heading-title elementor-size-default\">Apoyo<\/h3>\t\t\t\t<\/div>\n\t\t\t\t<\/div>\n\t\t\t\t<div class=\"elementor-element elementor-element-95cae7f elementor-widget elementor-widget-heading\" data-id=\"95cae7f\" data-element_type=\"widget\" data-e-type=\"widget\" data-widget_type=\"heading.default\">\n\t\t\t\t<div class=\"elementor-widget-container\">\n\t\t\t\t\t<p class=\"elementor-heading-title elementor-size-default\">Apoyo en la realizaci\u00f3n de trabajos y tareas escolares. Ense\u00f1anza de t\u00e9cnicas eficaces para el estudio.<\/p>\t\t\t\t<\/div>\n\t\t\t\t<\/div>\n\t\t\t\t<\/div>\n\t\t<div class=\"elementor-element elementor-element-0827791 e-con-full e-flex e-con e-child\" data-id=\"0827791\" data-element_type=\"container\" data-e-type=\"container\">\n\t\t\t\t<div class=\"elementor-element elementor-element-acc5808 elementor-widget elementor-widget-image\" data-id=\"acc5808\" data-element_type=\"widget\" data-e-type=\"widget\" data-widget_type=\"image.default\">\n\t\t\t\t<div class=\"elementor-widget-container\">\n\t\t\t\t\t\t\t\t\t\t\t\t\t\t\t<img decoding=\"async\" width=\"143\" height=\"143\" src=\"https:\/\/www.krisark.com\/wp-content\/uploads\/2024\/08\/ico-grupos.png\" class=\"attachment-large size-large wp-image-1688\" alt=\"Apoyo escolar grupos\" srcset=\"https:\/\/www.krisark.com\/wp-content\/uploads\/2024\/08\/ico-grupos.png 143w, https:\/\/www.krisark.com\/wp-content\/uploads\/2024\/08\/ico-grupos-12x12.png 12w\" sizes=\"(max-width: 143px) 100vw, 143px\" \/>\t\t\t\t\t\t\t\t\t\t\t\t\t\t\t<\/div>\n\t\t\t\t<\/div>\n\t\t\t\t<div class=\"elementor-element elementor-element-08dc5c7 elementor-widget elementor-widget-heading\" data-id=\"08dc5c7\" data-element_type=\"widget\" data-e-type=\"widget\" data-widget_type=\"heading.default\">\n\t\t\t\t<div class=\"elementor-widget-container\">\n\t\t\t\t\t<h3 class=\"elementor-heading-title elementor-size-default\">Grupos<\/h3>\t\t\t\t<\/div>\n\t\t\t\t<\/div>\n\t\t\t\t<div class=\"elementor-element elementor-element-eb7ebe4 elementor-widget elementor-widget-heading\" data-id=\"eb7ebe4\" data-element_type=\"widget\" data-e-type=\"widget\" data-widget_type=\"heading.default\">\n\t\t\t\t<div class=\"elementor-widget-container\">\n\t\t\t\t\t<p class=\"elementor-heading-title elementor-size-default\">Las clases se dar\u00e1n en grupos reducidos de como m\u00e1ximo 6 personas.<\/p>\t\t\t\t<\/div>\n\t\t\t\t<\/div>\n\t\t\t\t<\/div>\n\t\t<div class=\"elementor-element elementor-element-1e4e120 e-con-full e-flex e-con e-child\" data-id=\"1e4e120\" data-element_type=\"container\" data-e-type=\"container\">\n\t\t\t\t<div class=\"elementor-element elementor-element-7766aef elementor-widget elementor-widget-image\" data-id=\"7766aef\" data-element_type=\"widget\" data-e-type=\"widget\" data-widget_type=\"image.default\">\n\t\t\t\t<div class=\"elementor-widget-container\">\n\t\t\t\t\t\t\t\t\t\t\t\t\t\t\t<img loading=\"lazy\" decoding=\"async\" width=\"143\" height=\"143\" src=\"https:\/\/www.krisark.com\/wp-content\/uploads\/2024\/08\/ico-recuperacion.png\" class=\"attachment-large size-large wp-image-1687\" alt=\"Apoyo escolar para recuperaciones\" srcset=\"https:\/\/www.krisark.com\/wp-content\/uploads\/2024\/08\/ico-recuperacion.png 143w, https:\/\/www.krisark.com\/wp-content\/uploads\/2024\/08\/ico-recuperacion-12x12.png 12w\" sizes=\"(max-width: 143px) 100vw, 143px\" \/>\t\t\t\t\t\t\t\t\t\t\t\t\t\t\t<\/div>\n\t\t\t\t<\/div>\n\t\t\t\t<div class=\"elementor-element elementor-element-c569a0c elementor-widget elementor-widget-heading\" data-id=\"c569a0c\" data-element_type=\"widget\" data-e-type=\"widget\" data-widget_type=\"heading.default\">\n\t\t\t\t<div class=\"elementor-widget-container\">\n\t\t\t\t\t<h3 class=\"elementor-heading-title elementor-size-default\">Recuperaci\u00f3n<\/h3>\t\t\t\t<\/div>\n\t\t\t\t<\/div>\n\t\t\t\t<div class=\"elementor-element elementor-element-559ead3 elementor-widget elementor-widget-heading\" data-id=\"559ead3\" data-element_type=\"widget\" data-e-type=\"widget\" data-widget_type=\"heading.default\">\n\t\t\t\t<div class=\"elementor-widget-container\">\n\t\t\t\t\t<p class=\"elementor-heading-title elementor-size-default\">Su funci\u00f3n ser\u00e1 de fortificar los conocimientos de los alumnos cara a recuperar las asignaturas suspendidas.<\/p>\t\t\t\t<\/div>\n\t\t\t\t<\/div>\n\t\t\t\t<\/div>\n\t\t<div class=\"elementor-element elementor-element-f7b206c e-con-full e-flex e-con e-child\" data-id=\"f7b206c\" data-element_type=\"container\" data-e-type=\"container\">\n\t\t\t\t<div class=\"elementor-element elementor-element-95696f2 elementor-widget elementor-widget-image\" data-id=\"95696f2\" data-element_type=\"widget\" data-e-type=\"widget\" data-widget_type=\"image.default\">\n\t\t\t\t<div class=\"elementor-widget-container\">\n\t\t\t\t\t\t\t\t\t\t\t\t\t\t\t<img loading=\"lazy\" decoding=\"async\" width=\"144\" height=\"143\" src=\"https:\/\/www.krisark.com\/wp-content\/uploads\/2024\/08\/ico-intensivas.png\" class=\"attachment-large size-large wp-image-1686\" alt=\"Apoyo escolar clases intensivas\" srcset=\"https:\/\/www.krisark.com\/wp-content\/uploads\/2024\/08\/ico-intensivas.png 144w, https:\/\/www.krisark.com\/wp-content\/uploads\/2024\/08\/ico-intensivas-12x12.png 12w\" sizes=\"(max-width: 144px) 100vw, 144px\" \/>\t\t\t\t\t\t\t\t\t\t\t\t\t\t\t<\/div>\n\t\t\t\t<\/div>\n\t\t\t\t<div class=\"elementor-element elementor-element-ac261fe elementor-widget elementor-widget-heading\" data-id=\"ac261fe\" data-element_type=\"widget\" data-e-type=\"widget\" data-widget_type=\"heading.default\">\n\t\t\t\t<div class=\"elementor-widget-container\">\n\t\t\t\t\t<h3 class=\"elementor-heading-title elementor-size-default\">Intensivas<\/h3>\t\t\t\t<\/div>\n\t\t\t\t<\/div>\n\t\t\t\t<div class=\"elementor-element elementor-element-c56ae22 elementor-widget elementor-widget-heading\" data-id=\"c56ae22\" data-element_type=\"widget\" data-e-type=\"widget\" data-widget_type=\"heading.default\">\n\t\t\t\t<div class=\"elementor-widget-container\">\n\t\t\t\t\t<p class=\"elementor-heading-title elementor-size-default\">Clases para la preparaci\u00f3n de los ex\u00e1menes correspondientes a las evaluaciones que se realizan durante los cursos escolares.<\/p>\t\t\t\t<\/div>\n\t\t\t\t<\/div>\n\t\t\t\t<\/div>\n\t\t\t\t\t<\/div>\n\t\t\t\t<\/div>\n\t\t\t\t\t<\/div>\n\t\t\t\t<\/div>\n\t\t\t\t\t<\/div>\n\t\t\t\t<\/div>\n\t\t\t\t<\/div>\n\t\t<div class=\"elementor-element elementor-element-a0e98d8 e-flex e-con-boxed e-con e-parent\" data-id=\"a0e98d8\" data-element_type=\"container\" data-e-type=\"container\" data-settings=\"{&quot;background_background&quot;:&quot;classic&quot;}\">\n\t\t\t\t\t<div class=\"e-con-inner\">\n\t\t\t\t\t<\/div>\n\t\t\t\t<\/div>\n\t\t\t\t<\/div>\n\t\t","protected":false},"excerpt":{"rendered":"<p>Apoyo y refuerzo escolar primaria, secundaria y bachillerato centro educativo Adaptado a las necesidades del alumno En Krisark nuestro objetivo es el tuyo, por eso volcamos todo nuestro esfuerzo en satisfacer las necesidades de nuestros alumnos para que superen y mejoren sus estudios. Nuestra academia est\u00e1 compuesta por un equipo joven, con titulaci\u00f3n espec\u00edfica, muchas [&hellip;]<\/p>\n","protected":false},"author":1,"featured_media":1514,"parent":0,"menu_order":5,"comment_status":"closed","ping_status":"closed","template":"","meta":{"_acf_changed":false,"footnotes":""},"class_list":["post-42","page","type-page","status-publish","has-post-thumbnail","hentry"],"acf":[],"_links":{"self":[{"href":"https:\/\/www.krisark.com\/es\/wp-json\/wp\/v2\/pages\/42","targetHints":{"allow":["GET"]}}],"collection":[{"href":"https:\/\/www.krisark.com\/es\/wp-json\/wp\/v2\/pages"}],"about":[{"href":"https:\/\/www.krisark.com\/es\/wp-json\/wp\/v2\/types\/page"}],"author":[{"embeddable":true,"href":"https:\/\/www.krisark.com\/es\/wp-json\/wp\/v2\/users\/1"}],"replies":[{"embeddable":true,"href":"https:\/\/www.krisark.com\/es\/wp-json\/wp\/v2\/comments?post=42"}],"version-history":[{"count":10,"href":"https:\/\/www.krisark.com\/es\/wp-json\/wp\/v2\/pages\/42\/revisions"}],"predecessor-version":[{"id":2237,"href":"https:\/\/www.krisark.com\/es\/wp-json\/wp\/v2\/pages\/42\/revisions\/2237"}],"wp:featuredmedia":[{"embeddable":true,"href":"https:\/\/www.krisark.com\/es\/wp-json\/wp\/v2\/media\/1514"}],"wp:attachment":[{"href":"https:\/\/www.krisark.com\/es\/wp-json\/wp\/v2\/media?parent=42"}],"curies":[{"name":"wp","href":"https:\/\/api.w.org\/{rel}","templated":true}]}}